{"id":87,"date":"2014-12-30T18:23:53","date_gmt":"2014-12-30T18:23:53","guid":{"rendered":"http:\/\/groesche.eu\/drumherum\/wp\/?page_id=87"},"modified":"2021-06-01T20:08:12","modified_gmt":"2021-06-01T20:08:12","slug":"agb","status":"publish","type":"page","link":"http:\/\/www.drumherum-natur.de\/wp\/agb\/","title":{"rendered":"AGBs"},"content":{"rendered":"\t\t<div data-elementor-type=\"wp-page\" data-elementor-id=\"87\" class=\"elementor elementor-87\">\n\t\t\t\t\t\t<section class=\"elementor-section elementor-top-section elementor-element elementor-element-227d9b4 elementor-section-boxed elementor-section-height-default elementor-section-height-default\" data-id=\"227d9b4\" data-element_type=\"section\">\n\t\t\t\t\t\t<div class=\"elementor-container elementor-column-gap-default\">\n\t\t\t\t\t<div class=\"elementor-column elementor-col-100 elementor-top-column elementor-element elementor-element-8566e8a\" data-id=\"8566e8a\" data-element_type=\"column\">\n\t\t\t<div class=\"elementor-widget-wrap elementor-element-populated\">\n\t\t\t\t\t\t<div class=\"elementor-element elementor-element-c4cdda2 elementor-widget elementor-widget-heading\" data-id=\"c4cdda2\" data-element_type=\"widget\" data-widget_type=\"heading.default\">\n\t\t\t\t<div class=\"elementor-widget-container\">\n\t\t\t\t\t<h2 class=\"elementor-heading-title elementor-size-default\">Allgemeine Gesch\u00e4tsbedingungen<\/h2>\t\t\t\t<\/div>\n\t\t\t\t<\/div>\n\t\t\t\t\t<\/div>\n\t\t<\/div>\n\t\t\t\t\t<\/div>\n\t\t<\/section>\n\t\t\t\t<section class=\"elementor-section elementor-top-section elementor-element elementor-element-3a8d8ccb elementor-section-boxed elementor-section-height-default elementor-section-height-default\" data-id=\"3a8d8ccb\" data-element_type=\"section\">\n\t\t\t\t\t\t<div class=\"elementor-container elementor-column-gap-default\">\n\t\t\t\t\t<div class=\"elementor-column elementor-col-100 elementor-top-column elementor-element elementor-element-667dc931\" data-id=\"667dc931\" data-element_type=\"column\">\n\t\t\t<div class=\"elementor-widget-wrap elementor-element-populated\">\n\t\t\t\t\t\t<div class=\"elementor-element elementor-element-62622c5 elementor-widget elementor-widget-text-editor\" data-id=\"62622c5\" data-element_type=\"widget\" data-widget_type=\"text-editor.default\">\n\t\t\t\t<div class=\"elementor-widget-container\">\n\t\t\t\t\t\t\t\t\t<div>&nbsp;<\/div>\n<div><strong>Anmeldung:<\/strong> Die Anmeldung der TeilnehmerInnen erfolgt schriftlich, telefonisch oder per E-Mail. Nach der Anmeldung erhalten Sie von drumherum-Natur erleben eine Auftragsbest\u00e4tigung, durch die der Vertrag Verbindlichkeit erh\u00e4lt.<\/div>\n<p><strong>&nbsp;<\/strong><\/p>\n<p><strong>Zahlungsbedingungen:<\/strong> Die Kursgeb\u00fchren \u00fcberweisen Sie nach Erhalt der Auftragsbest\u00e4tigung auf das Konto von drumherum-Natur erleben. Kontodaten werden mit der Auftragsbest\u00e4tigung zugesendet. <br \/><strong><br \/>Stornierung:<\/strong> Die Kursteilnahme kann jederzeit abgesagt werden. Bei R\u00fccktritt bis 14 Tage vor Veranstaltungsbeginn erstatten wir die Kursgeb\u00fchren, abz\u00fcglich einer Stornogeb\u00fchr in H\u00f6he von 20 Euro, in vollem Umfang zur\u00fcck. Bei Absage bis 7 Tage vor Beginn der Veranstaltung berechnen wir 50% der Kursgeb\u00fchr. Danach erfolgt keine R\u00fcckzahlung. Gerne akzeptieren wir Ersatzpersonen oder -gruppen.<\/p>\n<p>Wir behalten uns vor, bei Unterschreitung der Mindestteilnehmerzahl Kurse rechtzeitig abzusagen. Die Kursgeb\u00fchr wird dann in vollem Umfang zur\u00fcckerstattet.<strong><br \/><\/strong><\/p>\n<p><strong><br \/>R\u00fc<u>c<\/u>ktritt von drumherum-Natur erleben:<\/strong> Fallen Veranstaltungen aufgrund von h\u00f6herer Gewalt wie z.B. Sturm- oder Unwetterwarnungen, Orkansch\u00e4den, Krankheit der Kursleitung etc. aus, beh\u00e4lt sich drumherum-Natur erleben vor, die Veranstaltung auch kurzfristig abzusagen und auf einen sp\u00e4teren, m\u00f6glichst zeitnahen, Ersatztermin zu verschieben.<\/p>\n<p><strong><br \/>Haftung: <\/strong>Die Teilnahme an den Veranstaltungen geschieht auf eigene Gefahr. Diese Regelung gilt insbesondere f\u00fcr Risiken, die von drumherum-Natur erleben nicht vorhersehbar und\/oder nicht beeinflussbar und\/oder nicht zu vertreten sind. Die Haftpflichtversicherung von drumherum-Natur erleben tritt ausschlie\u00dflich bei Personen-, Sach- und Verm\u00f6genssch\u00e4den ein, die w\u00e4hrend der Veranstaltung entstehen und auf ein Verschulden der Veranstalterin oder einer von ihr mit der Durchf\u00fchrung der Veranstaltung beauftragten Person zur\u00fcckzuf\u00fchren sind.<\/p>\n<p><strong><br \/>Aufsichtspflicht:<\/strong> Die Aufsichtspflicht gegen\u00fcber den TeilnehmernInnen verbleibt w\u00e4hrend der Veranstaltungen bei den anwesenden betreuenden ErziehernInnen, LehrernInnen, der Gruppenleitung bzw. dem\/der AuftraggeberIn oder den vollj\u00e4hrigen TeilnehmernInnen.<\/p>\n<p><strong><br \/>Natur erleben unter freiem Himmel:<\/strong> Die Veranstaltungen bei drumherum-Natur erleben finden grunds\u00e4tzlich im Freien und bei fast jedem Wetter statt. Bitte achten Sie auf festes Schuhwerk und regensichere Kleidung. Bei offizieller Sturm- oder Unwetterwarnung wird die Veranstaltung auf einen sp\u00e4teren Zeitpunkt verschoben. Im Sommer bitte an ausreichenden Sonnenschutz und Getr\u00e4nke denken.<\/p>\t\t\t\t\t\t\t\t<\/div>\n\t\t\t\t<\/div>\n\t\t\t\t\t<\/div>\n\t\t<\/div>\n\t\t\t\t\t<\/div>\n\t\t<\/section>\n\t\t\t\t<section class=\"elementor-section elementor-top-section elementor-element elementor-element-bb7363b elementor-section-boxed elementor-section-height-default elementor-section-height-default\" data-id=\"bb7363b\" data-element_type=\"section\">\n\t\t\t\t\t\t<div class=\"elementor-container elementor-column-gap-default\">\n\t\t\t\t\t<div class=\"elementor-column elementor-col-100 elementor-top-column elementor-element elementor-element-bd76233\" data-id=\"bd76233\" data-element_type=\"column\">\n\t\t\t<div class=\"elementor-widget-wrap\">\n\t\t\t\t\t\t\t<\/div>\n\t\t<\/div>\n\t\t\t\t\t<\/div>\n\t\t<\/section>\n\t\t\t\t<\/div>\n\t\t","protected":false},"excerpt":{"rendered":"<p>Allgemeine Gesch\u00e4tsbedingungen &nbsp; Anmeldung: Die Anmeldung der TeilnehmerInnen erfolgt schriftlich, telefonisch oder per E-Mail. Nach der Anmeldung erhalten Sie von drumherum-Natur erleben eine Auftragsbest\u00e4tigung, durch die der Vertrag Verbindlichkeit erh\u00e4lt. &nbsp; Zahlungsbedingungen: Die Kursgeb\u00fchren \u00fcberweisen Sie nach Erhalt der Auftragsbest\u00e4tigung<\/p>\n","protected":false},"author":1,"featured_media":0,"parent":0,"menu_order":0,"comment_status":"closed","ping_status":"closed","template":"","meta":{"footnotes":""},"class_list":["post-87","page","type-page","status-publish","hentry"],"_links":{"self":[{"href":"http:\/\/www.drumherum-natur.de\/wp\/wp-json\/wp\/v2\/pages\/87","targetHints":{"allow":["GET"]}}],"collection":[{"href":"http:\/\/www.drumherum-natur.de\/wp\/wp-json\/wp\/v2\/pages"}],"about":[{"href":"http:\/\/www.drumherum-natur.de\/wp\/wp-json\/wp\/v2\/types\/page"}],"author":[{"embeddable":true,"href":"http:\/\/www.drumherum-natur.de\/wp\/wp-json\/wp\/v2\/users\/1"}],"replies":[{"embeddable":true,"href":"http:\/\/www.drumherum-natur.de\/wp\/wp-json\/wp\/v2\/comments?post=87"}],"version-history":[{"count":27,"href":"http:\/\/www.drumherum-natur.de\/wp\/wp-json\/wp\/v2\/pages\/87\/revisions"}],"predecessor-version":[{"id":4291,"href":"http:\/\/www.drumherum-natur.de\/wp\/wp-json\/wp\/v2\/pages\/87\/revisions\/4291"}],"wp:attachment":[{"href":"http:\/\/www.drumherum-natur.de\/wp\/wp-json\/wp\/v2\/media?parent=87"}],"curies":[{"name":"wp","href":"https:\/\/api.w.org\/{rel}","templated":true}]}}